{"id":935,"date":"2017-05-05T11:13:55","date_gmt":"2017-05-05T11:13:55","guid":{"rendered":"https:\/\/cavvisit.com\/home\/"},"modified":"2021-09-06T16:08:03","modified_gmt":"2021-09-06T14:08:03","slug":"home","status":"publish","type":"page","link":"https:\/\/cavvisit.se\/en\/","title":{"rendered":"Home"},"content":{"rendered":"<div id=\"cs-content\" class=\"cs-content\"><\/div>\n","protected":false},"excerpt":{"rendered":"","protected":false},"author":4,"featured_media":0,"parent":0,"menu_order":0,"comment_status":"closed","ping_status":"closed","template":"template-blank-4.php","meta":{"_et_pb_use_builder":"","_et_pb_old_content":"[cs_content][cs_section parallax=\"true\" separator_top_type=\"none\" separator_top_height=\"50px\" separator_top_angle_point=\"50\" separator_bottom_type=\"none\" separator_bottom_height=\"50px\" separator_bottom_angle_point=\"50\" class=\"cs-hide-xs\" style=\"margin: 0px;padding: 0px;\"][cs_row inner_container=\"false\" marginless_columns=\"false\" style=\"margin: 0px auto;padding: 0px;\"][cs_column fade=\"false\" fade_animation=\"in\" fade_animation_offset=\"45px\" fade_duration=\"750\" type=\"1\/1\" style=\"padding: 0px;\"][rev_slider agency-home][\/cs_column][\/cs_row][\/cs_section][cs_section id=\"katalog\" parallax=\"false\" separator_top_type=\"none\" separator_top_height=\"50px\" separator_top_angle_point=\"50\" separator_bottom_type=\"none\" separator_bottom_height=\"50px\" separator_bottom_angle_point=\"50\" class=\"cs-ta-center\" style=\"margin: 0px;padding: 100px 0px;\"][cs_row inner_container=\"true\" marginless_columns=\"false\" style=\"margin: 0px auto;padding: 0px;\"][cs_column fade=\"false\" fade_animation=\"in\" fade_animation_offset=\"45px\" fade_duration=\"750\" type=\"1\/1\" style=\"padding: 0px;\"][x_custom_headline level=\"h1\" looks_like=\"h3\" accent=\"false\" class=\"man\"]CavVisit Visitor Management System[\/x_custom_headline][x_raw_content style=\"margin: 1.45em 0 1.95em;\"]\n<p class=\"man\">\nCavVisit  is a digital visitor management system that completely replaces the manual visitor log.\n\nVisitor checks in\/out with a QR code on their smartphones.\n\n[\/x_raw_content][cs_text][overview_en][\/cs_text][x_raw_content][overview_en][\/x_raw_content][x_button size=\"large\" block=\"false\" circle=\"false\" icon_only=\"false\" href=\"https:\/\/cavvisit.se\/wp-content\/uploads\/2017\/04\/cavvisit_katalog_3_web_2.pdf\" title=\"Read catalogue\" target=\"blank\" info=\"none\" info_place=\"top\" info_trigger=\"hover\" info_content=\"\" style=\"margin-top: 20px;\"]Read catalogue[\/x_button][\/cs_column][\/cs_row][\/cs_section][cs_section id=\"automatisk\" bg_image=\"https:\/\/cavvisit.se\/wp-content\/uploads\/2017\/04\/bg-team-02_ljus.jpg\" parallax=\"false\" separator_top_type=\"none\" separator_top_height=\"50px\" separator_top_angle_point=\"50\" separator_bottom_type=\"none\" separator_bottom_height=\"50px\" separator_bottom_angle_point=\"50\" class=\"cs-ta-center\" style=\"margin: 0px;padding: 100px 0px;\"][cs_row inner_container=\"true\" marginless_columns=\"false\" style=\"margin: 0px auto;padding: 0px 5%;\"][cs_column fade=\"false\" fade_animation=\"in\" fade_animation_offset=\"45px\" fade_duration=\"750\" type=\"1\/1\" style=\"padding: 0px;\"][x_custom_headline level=\"h1\" looks_like=\"h3\" accent=\"false\" class=\"man\"]Automatic visitor management[\/x_custom_headline][x_raw_content style=\"margin: 1.45em 0 1.95em;\"]With automatic visitor management, visitors automatically checks in \/ out using a QR code on their smartphones.\nA visitors badge is printed and the host is notified that the visitor&nbsp;has arrived.[\/x_raw_content][\/cs_column][\/cs_row][cs_row inner_container=\"true\" marginless_columns=\"false\" style=\"margin: 0px auto;padding: 0px;\"][cs_column fade=\"false\" fade_animation=\"in\" fade_animation_offset=\"45px\" fade_duration=\"750\" type=\"1\/4\" style=\"padding: 0px;\"][x_image type=\"none\" src=\"https:\/\/cavvisit.se\/wp-content\/uploads\/2016\/08\/cavvisit_qr.png\" alt=\"QR code in smartphone\" link=\"false\" href=\"#\" title=\"\" target=\"\" info=\"none\" info_place=\"top\" info_trigger=\"hover\" info_content=\"\"][cs_text]Visitors receive an Email invitation to the meeting containing date, place and a QR code.[\/cs_text][\/cs_column][cs_column fade=\"false\" fade_animation=\"in\" fade_animation_offset=\"45px\" fade_duration=\"750\" type=\"1\/4\" style=\"padding: 0px;\"][x_image type=\"none\" src=\"https:\/\/cavvisit.se\/wp-content\/uploads\/2016\/09\/cavvisit_valkommen_2_257x257.png\" alt=\"Show QR code to visitor kiosk\" link=\"false\" href=\"#\" title=\"\" target=\"\" info=\"none\" info_place=\"top\" info_trigger=\"hover\" info_content=\"\"][cs_text]The QR code is shown at a visitor kiosk at the entrance. Simultaneously the host is notified via SMS\/e-mail that the visitor&nbsp;har arrived.[\/cs_text][\/cs_column][cs_column fade=\"false\" fade_animation=\"in\" fade_animation_offset=\"45px\" fade_duration=\"750\" type=\"1\/4\" style=\"padding: 0px;\"][x_image type=\"none\" src=\"https:\/\/cavvisit.se\/wp-content\/uploads\/2016\/08\/cavvisit_besoksbricka_utan_kanter_500x500.png\" alt=\"Receive visitors badge\" link=\"false\" href=\"#\" title=\"\" target=\"\" info=\"none\" info_place=\"top\" info_trigger=\"hover\" info_content=\"\"][cs_text]A visitor&nbsp;badge is automatically printed and attached to clothing by the visitor.[\/cs_text][\/cs_column][cs_column fade=\"false\" fade_animation=\"in\" fade_animation_offset=\"45px\" fade_duration=\"750\" type=\"1\/4\" style=\"padding: 0px;\"][x_image type=\"none\" src=\"https:\/\/cavvisit.se\/wp-content\/uploads\/2016\/08\/cavvisit_mo-cc-88te.png\" alt=\"The meeting can begin!\" link=\"false\" href=\"#\" title=\"\" target=\"\" info=\"none\" info_place=\"top\" info_trigger=\"hover\" info_content=\"\"][cs_text]The host meets the visitor at the entrance and the meeting can begin![\/cs_text][\/cs_column][\/cs_row][\/cs_section][cs_section bg_color=\"hsl(16, 88%, 54%)\" parallax=\"false\" separator_top_type=\"none\" separator_top_height=\"50px\" separator_top_angle_point=\"50\" separator_bottom_type=\"none\" separator_bottom_height=\"50px\" separator_bottom_angle_point=\"50\" class=\"cs-ta-center\" style=\"margin: 0px;padding: 5px 0px 0px;\"][cs_row inner_container=\"false\" marginless_columns=\"false\" style=\"margin: 0px auto;padding: 0px;\"][cs_column fade=\"false\" fade_animation=\"in\" fade_animation_offset=\"45px\" fade_duration=\"750\" type=\"1\/1\" style=\"padding: 0px 0px 45px;\"][x_raw_content]\n<div id=\"mailchimp-form\" style=\"display:none\">\n[contact-form-7 id=\"976\" title=\"Contact form 1_copy_en\"]<\/div>\n<a href=\"#mailchimp-form\" class=\"lightbox-selector\" data-type=\"inline\"><\/a>\n<h2 style=\"color:white;\"><a href=\"#mailchimp-form\" class=\"lightbox-selector\" data-type=\"inline\">Request quote<\/a><\/h2>\n<a href=\"#mailchimp-form\" class=\"lightbox-selector\" data-type=\"inline\">\n<\/a><a href=\"#mailchimp-form\" class=\"lightbox-selector\" data-type=\"inline\">[lightbox selector=\".lightbox-selector\"]<\/a>[\/x_raw_content][\/cs_column][\/cs_row][\/cs_section][cs_section parallax=\"true\" separator_top_type=\"none\" separator_top_height=\"50px\" separator_top_angle_point=\"50\" separator_bottom_type=\"none\" separator_bottom_height=\"50px\" separator_bottom_angle_point=\"50\" class=\"cs-ta-center dark-section\" style=\"margin: 0px;padding: 100px 0px 0px;\"][cs_row inner_container=\"true\" marginless_columns=\"false\" style=\"margin: 50px auto;padding: 0px;\"][cs_column fade=\"false\" fade_animation=\"in\" fade_animation_offset=\"45px\" fade_duration=\"750\" type=\"1\/2\" style=\"padding: 0px;\"][x_custom_headline level=\"h2\" looks_like=\"h3\" accent=\"false\" class=\"cs-ta-left\" style=\"color: hsl(0, 0%, 0%);\"]Reception client [\/x_custom_headline][x_gap size=\"20px\"][cs_text class=\"cs-ta-left\"]Staff at the front desk have a clear view of who are in the house and easily check visitors in \/ out in CavVisit's clear interface.\n\nIn CavVisit, you manage&nbsp;groups of visitors as quickly and easily as single visitors. Import pre-filled visitor lists in e.g. Excel format.\nWith a single button press, you print and mail the current evacuation list.[\/cs_text][x_gap size=\"50px\" class=\"cs-hide-xl cs-hide-lg cs-hide-md\"][\/cs_column][cs_column fade=\"false\" fade_animation=\"in\" fade_animation_offset=\"45px\" fade_duration=\"750\" type=\"1\/2\" style=\"padding: 0px;\"][cs_text][image src=\"https:\/\/cavvisit.se\/wp-content\/uploads\/2016\/08\/screen_dashboard.png\" link=\"true\" lightbox_caption=\"CavVisit Bes\u00f6kssystem dashboard\" alt=\"CavVisit Bes\u00f6kssystem receptionsklient\"]\n[lightbox][\/cs_text][x_gap size=\"50px\" class=\"cs-hide-xl cs-hide-lg cs-hide-md\"][\/cs_column][\/cs_row][\/cs_section][cs_section bg_image=\"https:\/\/cavvisit.se\/wp-content\/uploads\/2017\/04\/bg-team-01_ljus.jpg\" bg_color=\"#26292c\" parallax=\"true\" separator_top_type=\"none\" separator_top_height=\"50px\" separator_top_angle_point=\"50\" separator_bottom_type=\"none\" separator_bottom_height=\"50px\" separator_bottom_angle_point=\"50\" class=\"cs-ta-center\" style=\"margin: 0px;padding: 0px;\"][cs_row inner_container=\"true\" marginless_columns=\"false\" style=\"margin: 50px auto 0px;padding: 0px;\"][cs_column fade=\"false\" fade_animation=\"in\" fade_animation_offset=\"45px\" fade_duration=\"750\" type=\"1\/2\" style=\"padding: 0px;\"][x_custom_headline level=\"h2\" looks_like=\"h3\" accent=\"false\" class=\"cs-ta-left\" style=\"color: hsl(0, 0%, 0%);\"]VISITOR KIOSK WITH SELF-REGISTRATION[\/x_custom_headline][x_gap size=\"20px\"][cs_text class=\"cs-ta-left\"]Allow visitors to register their&nbsp;visits at&nbsp;a visitor kiosk. Visitor enters their&nbsp;names, who to visit and automatically receives a visitor badge.\nAn ordinary laptop or desktop computer can be equipped with a QR code reader and visitor badge&nbsp;printer to be used as a&nbsp;visitor kiosk.[\/cs_text][x_gap size=\"50px\" class=\"cs-hide-xl cs-hide-lg cs-hide-md\"][\/cs_column][cs_column fade=\"false\" fade_animation=\"in\" fade_animation_offset=\"45px\" fade_duration=\"750\" type=\"1\/2\" style=\"padding: 0px;\"][cs_text][image src=\"https:\/\/cavvisit.se\/wp-content\/uploads\/2017\/04\/G3500_besokskiosk_ps1_500x500.png\" link=\"true\" lightbox_caption=\"Exempel p\u00e5 sj\u00e4lvregistreringskiosk\" alt=\"CavVisit Bes\u00f6kssystem bes\u00f6kskiosk med sj\u00e4lvregistrering\"]\n[lightbox][\/cs_text][x_gap size=\"50px\" class=\"cs-hide-xl cs-hide-lg cs-hide-md\"][\/cs_column][\/cs_row][\/cs_section][cs_section parallax=\"false\" separator_top_type=\"none\" separator_top_height=\"50px\" separator_top_angle_point=\"50\" separator_bottom_type=\"none\" separator_bottom_height=\"50px\" separator_bottom_angle_point=\"50\" class=\"cs-hide-xs\" style=\"margin: 0px;padding: 0 0px;\"][cs_row inner_container=\"false\" marginless_columns=\"false\" style=\"margin: 0px auto;padding: 0px;\"][cs_column fade=\"false\" fade_animation=\"in\" fade_animation_offset=\"45px\" fade_duration=\"750\" type=\"1\/1\" style=\"padding: 0px;\"][x_creative_cta padding=\"65px 50px 65px 50px\" text=\"Read catalogue\" font_size=\"45px\" icon=\"eye\" icon_size=\"75px\" animation=\"slide-right\" link=\"http:\/\/issuu.com\/partnersec\/docs\/cavvisit_katalog_2016_upplaga_2_web\/1?e=0\/37530314\" target=\"blank\" color=\"\" bg_color=\"hsl(16, 88%, 54%)\" bg_color_hover=\"hsl(16, 88%, 54%)\"][\/cs_column][\/cs_row][\/cs_section][cs_section parallax=\"true\" separator_top_type=\"none\" separator_top_height=\"50px\" separator_top_angle_point=\"50\" separator_bottom_type=\"none\" separator_bottom_height=\"50px\" separator_bottom_angle_point=\"50\" class=\"cs-ta-center dark-section\" style=\"margin: 0px;padding: 100px 0px 0px;\"][cs_row inner_container=\"true\" marginless_columns=\"false\" style=\"margin: 50px auto;padding: 0px;\"][cs_column fade=\"false\" fade_animation=\"in\" fade_animation_offset=\"45px\" fade_duration=\"750\" type=\"1\/2\" style=\"padding: 0px;\"][x_custom_headline level=\"h2\" looks_like=\"h3\" accent=\"false\" class=\"cs-ta-left\" style=\"color: hsl(0, 0%, 0%);\"]Pre-book visitors online[\/x_custom_headline][x_gap size=\"20px\"][cs_text class=\"cs-ta-left\"]Pre-book visitors quickly and easily in CavVisit's web portal. Pre-booked visitors are&nbsp;shown in the reception software, which gives receptionists a basis for today's visitors and speeds up the process on arrival.\n\nThe service is browser-based and can be used on any platform that has a browser.[\/cs_text][x_gap size=\"50px\" class=\"cs-hide-xl cs-hide-lg cs-hide-md\"][\/cs_column][cs_column fade=\"false\" fade_animation=\"in\" fade_animation_offset=\"45px\" fade_duration=\"750\" type=\"1\/2\" style=\"padding: 0px;\"][cs_text][image src=\"https:\/\/cavvisit.se\/wp-content\/uploads\/2016\/08\/screen_webportal.png\" link=\"true\" lightbox_caption=\"CavVisit Bes\u00f6kssystem webportal\" alt=\"CavVisit Bes\u00f6kssystem webportal med f\u00f6rhandsregistrering\"]\n[lightbox][\/cs_text][x_gap size=\"50px\" class=\"cs-hide-xl cs-hide-lg cs-hide-md\"][\/cs_column][\/cs_row][\/cs_section][cs_section bg_image=\"https:\/\/cavvisit.se\/wp-content\/uploads\/2017\/04\/bg-services-01_ljus.jpg\" bg_color=\"hsl(0, 0%, 100%)\" parallax=\"true\" separator_top_type=\"none\" separator_top_height=\"50px\" separator_top_angle_point=\"50\" separator_bottom_type=\"none\" separator_bottom_height=\"50px\" separator_bottom_angle_point=\"50\" class=\"cs-ta-center\" style=\"margin: 0px;padding: 100px 0px;\"][cs_row inner_container=\"true\" marginless_columns=\"false\" style=\"margin: 0px auto;padding: 0px;\"][cs_column fade=\"false\" fade_animation=\"in\" fade_animation_offset=\"45px\" fade_duration=\"750\" type=\"1\/1\" style=\"padding: 0px;\"][x_custom_headline level=\"h1\" looks_like=\"h3\" accent=\"false\" class=\"man\" style=\"color: hsl(0, 0%, 0%);\"]FUNCTIONS[\/x_custom_headline][\/cs_column][\/cs_row][cs_row inner_container=\"true\" marginless_columns=\"false\" style=\"margin: 50px auto;padding: 0px;\"][cs_column fade=\"false\" fade_animation=\"in\" fade_animation_offset=\"45px\" fade_duration=\"750\" type=\"1\/4\" style=\"padding: 0px;\"][x_feature_box title=\"Self-registration\" title_color=\"hsla(0, 0%, 0%, 0.88)\" text_color=\"\" graphic=\"icon\" graphic_size=\"130px\" graphic_shape=\"circle\" graphic_color=\"hsl(16, 88%, 54%)\" graphic_bg_color=\"\" align_h=\"center\" align_v=\"top\" side_graphic_spacing=\"20px\" max_width=\"250px\" graphic_border=\"border-width: 4px 4px 4px 4px; border-style: solid; border-color: ;\" graphic_icon=\"check\" graphic_animation=\"flipInX\" graphic_animation_offset=\"65\" graphic_animation_delay=\"0\"  class=\"mvn\"]Visitors register their visits themselves in a kiosk that supports multiple languages.[\/x_feature_box][x_gap size=\"50px\" class=\"cs-hide-xl cs-hide-lg cs-hide-md\"][\/cs_column][cs_column fade=\"false\" fade_animation=\"in\" fade_animation_offset=\"45px\" fade_duration=\"750\" type=\"1\/4\" style=\"padding: 0px;\"][x_feature_box title=\"Group management\" title_color=\"hsl(0, 0%, 0%)\" text_color=\"\" graphic=\"icon\" graphic_size=\"130px\" graphic_shape=\"circle\" graphic_color=\"hsl(16, 88%, 54%)\" graphic_bg_color=\"\" align_h=\"center\" align_v=\"top\" side_graphic_spacing=\"20px\" max_width=\"250px\" graphic_border=\"border-width: 4px 4px 4px 4px; border-style: solid; border-color: ;\" graphic_icon=\"group\" graphic_animation=\"flipInX\" graphic_animation_offset=\"65\" graphic_animation_delay=\"500\"  class=\"mvn\"]CavVisit handles groups of visitors as fast and smoothly as single visitors.[\/x_feature_box][x_gap size=\"50px\" class=\"cs-hide-xl cs-hide-lg cs-hide-md\"][\/cs_column][cs_column fade=\"false\" fade_animation=\"in\" fade_animation_offset=\"45px\" fade_duration=\"750\" type=\"1\/4\" style=\"padding: 0px;\"][x_feature_box title=\"Access Control System integration\" title_color=\"hsl(0, 0%, 0%)\" text_color=\"\" graphic=\"icon\" graphic_size=\"130px\" graphic_shape=\"circle\" graphic_color=\"hsl(16, 88%, 54%)\" graphic_bg_color=\"\" align_h=\"center\" align_v=\"top\" side_graphic_spacing=\"20px\" max_width=\"250px\" graphic_border=\"border-width: 4px 4px 4px 4px; border-style: solid; border-color: ;\" graphic_icon=\"cogs\" graphic_animation=\"flipInX\" graphic_animation_offset=\"65\" graphic_animation_delay=\"1000\"  class=\"mvn\"]CavVisit can be integrated with access control systems.[\/x_feature_box][x_gap size=\"50px\" class=\"cs-hide-xl cs-hide-lg cs-hide-md\"][\/cs_column][cs_column fade=\"false\" fade_animation=\"in\" fade_animation_offset=\"45px\" fade_duration=\"750\" type=\"1\/4\" style=\"padding: 0px;\"][x_feature_box title=\"Web portal\" title_color=\"hsl(0, 0%, 0%)\" text_color=\"\" graphic=\"icon\" graphic_size=\"130px\" graphic_shape=\"circle\" graphic_color=\"hsl(16, 88%, 54%)\" graphic_bg_color=\"\" align_h=\"center\" align_v=\"top\" side_graphic_spacing=\"20px\" max_width=\"250px\" graphic_border=\"border-width: 4px 4px 4px 4px; border-style: solid; border-color: ;\" graphic_icon=\"user-plus\" graphic_animation=\"flipInX\" graphic_animation_offset=\"65\" graphic_animation_delay=\"1500\"  class=\"mvn\"]Pre-book&nbsp;visitors in a web browser.[\/x_feature_box][\/cs_column][\/cs_row][\/cs_section][cs_section parallax=\"true\" separator_top_type=\"none\" separator_top_height=\"50px\" separator_top_angle_point=\"50\" separator_bottom_type=\"none\" separator_bottom_height=\"50px\" separator_bottom_angle_point=\"50\" class=\"cs-ta-center dark-section\" style=\"margin: 0px;padding: 100px 0px 0px;\"][cs_row inner_container=\"true\" marginless_columns=\"false\" style=\"margin: 50px auto;padding: 0px;\"][cs_column fade=\"false\" fade_animation=\"in\" fade_animation_offset=\"45px\" fade_duration=\"750\" type=\"1\/2\" style=\"padding: 0px;\"][x_custom_headline level=\"h2\" looks_like=\"h3\" accent=\"false\" class=\"cs-ta-left\" style=\"color: hsl(0, 0%, 0%);\"]Design your own visitors badges[\/x_custom_headline][x_gap size=\"20px\"][cs_text class=\"cs-ta-left\"]CavVisit comes with a full-featured design tool to create visitor badges that fit your company's graphic profile. We will help with a design that suits your company.\nThe program collects data from a database and prints fields like the visitor's name, company, visitor recipient, etc. on the visitor badge.[\/cs_text][x_gap size=\"50px\" class=\"cs-hide-xl cs-hide-lg cs-hide-md\"][\/cs_column][cs_column fade=\"false\" fade_animation=\"in\" fade_animation_offset=\"45px\" fade_duration=\"750\" type=\"1\/2\" style=\"padding: 0px;\"][cs_text][image src=\"https:\/\/cavvisit.se\/wp-content\/uploads\/2016\/08\/screen_designverktyg_med_skrivare.png\" link=\"true\" lightbox_caption=\"CavVisit Bes\u00f6kssystem designverktyg f\u00f6r bes\u00f6ksbrickor\" alt=\"CavVisit Bes\u00f6kssystem designverktyg f\u00f6r bes\u00f6ksbrickor\"]\n[lightbox][\/cs_text][x_gap size=\"50px\" class=\"cs-hide-xl cs-hide-lg cs-hide-md\"][\/cs_column][\/cs_row][\/cs_section][cs_section parallax=\"false\" separator_top_type=\"none\" separator_top_height=\"50px\" separator_top_angle_point=\"50\" separator_bottom_type=\"none\" separator_bottom_height=\"50px\" separator_bottom_angle_point=\"50\" class=\"cs-hide-xs\" style=\"margin: 0px;padding: 0 0px;\"][cs_row inner_container=\"false\" marginless_columns=\"false\" style=\"margin: 0px auto;padding: 0px;\"][cs_column fade=\"false\" fade_animation=\"in\" fade_animation_offset=\"45px\" fade_duration=\"750\" type=\"1\/1\" style=\"padding: 0px;\"][x_creative_cta padding=\"65px 50px 65px 50px\" text=\"Contact us for a demo\" font_size=\"45px\" icon=\"envelope-o\" icon_size=\"75px\" animation=\"slide-right\" link=\"#kontakt\" color=\"\" bg_color=\"hsl(16, 88%, 54%)\" bg_color_hover=\"hsl(16, 88%, 54%)\"][\/cs_column][\/cs_row][\/cs_section][cs_section parallax=\"true\" separator_top_type=\"none\" separator_top_height=\"50px\" separator_top_angle_point=\"50\" separator_bottom_type=\"none\" separator_bottom_height=\"50px\" separator_bottom_angle_point=\"50\" class=\"cs-ta-center dark-section\" style=\"margin: 0px;padding: 100px 0px;\"][cs_row inner_container=\"true\" marginless_columns=\"false\" style=\"margin: 50px auto;padding: 0px;\"][cs_column fade=\"false\" fade_animation=\"in\" fade_animation_offset=\"45px\" fade_duration=\"750\" type=\"1\/2\" style=\"padding: 0px;\"][x_custom_headline level=\"h2\" looks_like=\"h3\" accent=\"false\" class=\"cs-ta-left\" style=\"color: hsl(0, 0%, 0%);\"]Statistics and reports[\/x_custom_headline][x_gap size=\"20px\"][cs_text class=\"cs-ta-left\"]All visitors are logged electronically in a central SQL database, making it easy to get tailored reports and statistics for your company's visit history. The same data can be exported to an Excel file.[\/cs_text][x_gap size=\"50px\" class=\"cs-hide-xl cs-hide-lg cs-hide-md\"][\/cs_column][cs_column fade=\"false\" fade_animation=\"in\" fade_animation_offset=\"45px\" fade_duration=\"750\" type=\"1\/2\" style=\"padding: 0px;\"][x_image type=\"none\" src=\"https:\/\/cavvisit.se\/wp-content\/uploads\/2016\/08\/statistics_orange.png\" alt=\"CavVisit Visitor Management System statistics and reports\" link=\"false\" href=\"#\" title=\"\" target=\"\" info=\"none\" info_place=\"top\" info_trigger=\"hover\" info_content=\"\"][x_gap size=\"50px\" class=\"cs-hide-xl cs-hide-lg cs-hide-md\"][\/cs_column][\/cs_row][\/cs_section][cs_section id=\"kontakt\" bg_color=\"hsl(0, 0%, 95%)\" parallax=\"true\" separator_top_type=\"none\" separator_top_height=\"50px\" separator_top_angle_point=\"50\" separator_bottom_type=\"none\" separator_bottom_height=\"50px\" separator_bottom_angle_point=\"50\" style=\"margin: 0px;padding: 50px 0px;\"][cs_row inner_container=\"true\" marginless_columns=\"false\" style=\"margin: 0px auto;padding: 0px;\"][cs_column fade=\"false\" fade_animation=\"in\" fade_animation_offset=\"45px\" fade_duration=\"750\" type=\"1\/1\" style=\"padding: 0px;\"][x_custom_headline level=\"h2\" looks_like=\"h2\" accent=\"false\" class=\"cs-ta-center man\"]Contact[\/x_custom_headline][\/cs_column][\/cs_row][cs_row inner_container=\"true\" marginless_columns=\"false\" style=\"margin: 0px auto;padding: 0px;\"][cs_column bg_color=\"hsla(0, 0%, 35%, 0)\" fade=\"false\" fade_animation=\"in\" fade_animation_offset=\"45px\" fade_duration=\"750\" type=\"3\/5\" style=\"padding: 0;\"][cs_text][contact-form-7 id=\"976\" title=\"Contact form 1_copy_en\"][\/cs_text][\/cs_column][cs_column fade=\"false\" fade_animation=\"in\" fade_animation_offset=\"45px\" fade_duration=\"750\" type=\"2\/5\" style=\"padding: 0px;\"][x_gap size=\"70px\"][x_map no_container=\"false\"]<iframe src=\"https:\/\/www.google.com\/maps\/embed?pb=!1m18!1m12!1m3!1d1739.8870943891905!2d18.077429994515334!3d59.435002490940754!2m3!1f0!2f0!3f0!3m2!1i1024!2i768!4f13.1!3m3!1m2!1s0x465f9b9af583210b%3A0x74541240d0b66f9e!2sNytorpsv%C3%A4gen+26%2C+183+53+T%C3%A4by!5e0!3m2!1sen!2sse!4v1469713971452\" width=\"600\" height=\"450\" frameborder=\"0\" style=\"border:0\" allowfullscreen=\"\"><\/iframe>[\/x_map][x_custom_headline level=\"h2\" looks_like=\"h3\" accent=\"false\" class=\"man\"]Address[\/x_custom_headline][x_raw_content class=\"mts\"]\n\n<p class=\"man\">PartnerSec AB\nNytorpsv\u00e4gen 26\n183 71 T\u00e4by, SWEDEN<\/p>\n[\/x_raw_content][x_gap size=\"50px\"][x_custom_headline level=\"h2\" looks_like=\"h3\" accent=\"false\" class=\"man\"]Telephone[\/x_custom_headline][x_raw_content class=\"mts\"]\n<p class=\"man\">+468-630 53 00<\/p>\n[\/x_raw_content][x_gap size=\"50px\"][x_custom_headline level=\"h2\" looks_like=\"h3\" accent=\"false\" class=\"man\"]Email[\/x_custom_headline][x_raw_content class=\"mts\"]\n<p class=\"man\">order@partnersec.se<\/p>\n[\/x_raw_content][\/cs_column][\/cs_row][\/cs_section][\/cs_content]","_et_gb_content_width":"","footnotes":""},"class_list":["post-935","page","type-page","status-publish","hentry","no-post-thumbnail"],"_links":{"self":[{"href":"https:\/\/cavvisit.se\/en\/wp-json\/wp\/v2\/pages\/935","targetHints":{"allow":["GET"]}}],"collection":[{"href":"https:\/\/cavvisit.se\/en\/wp-json\/wp\/v2\/pages"}],"about":[{"href":"https:\/\/cavvisit.se\/en\/wp-json\/wp\/v2\/types\/page"}],"author":[{"embeddable":true,"href":"https:\/\/cavvisit.se\/en\/wp-json\/wp\/v2\/users\/4"}],"replies":[{"embeddable":true,"href":"https:\/\/cavvisit.se\/en\/wp-json\/wp\/v2\/comments?post=935"}],"version-history":[{"count":193,"href":"https:\/\/cavvisit.se\/en\/wp-json\/wp\/v2\/pages\/935\/revisions"}],"predecessor-version":[{"id":8508,"href":"https:\/\/cavvisit.se\/en\/wp-json\/wp\/v2\/pages\/935\/revisions\/8508"}],"wp:attachment":[{"href":"https:\/\/cavvisit.se\/en\/wp-json\/wp\/v2\/media?parent=935"}],"curies":[{"name":"wp","href":"https:\/\/api.w.org\/{rel}","templated":true}]}}