{"id":8356,"date":"2020-03-20T10:32:09","date_gmt":"2020-03-20T09:32:09","guid":{"rendered":"https:\/\/cavvisit.se\/8356-2\/"},"modified":"2020-03-20T10:32:10","modified_gmt":"2020-03-20T09:32:10","slug":"8356-2","status":"publish","type":"page","link":"https:\/\/cavvisit.se\/en\/8356-2\/","title":{"rendered":""},"content":{"rendered":"[et_pb_section fb_built=&#8221;1&#8243; _builder_version=&#8221;4.4.0&#8243;][et_pb_row _builder_version=&#8221;4.4.0&#8243;][et_pb_column type=&#8221;4_4&#8243; _builder_version=&#8221;4.4.0&#8243;][et_pb_text _builder_version=&#8221;4.4.0&#8243;]Please fill in the form or contact us directly.<br \/>\n[\/et_pb_text][\/et_pb_column][\/et_pb_row][et_pb_row column_structure=&#8221;2_3,1_3&#8243; _builder_version=&#8221;4.4.0&#8243;][et_pb_column type=&#8221;2_3&#8243; _builder_version=&#8221;4.4.0&#8243;][et_pb_contact_form email=&#8221;order@partnersec.se&#8221; title=&#8221;Contact us&#8221; custom_message=&#8221;Message from CAVVISIT-hemsida:||et_pb_line_break_holder||||et_pb_line_break_holder||Namn: %%name%%||et_pb_line_break_holder||F\u00f6retag: %%company%%||et_pb_line_break_holder||E-post: %%email%%||et_pb_line_break_holder||Tel: %%phone%%||et_pb_line_break_holder||Antal anv\u00e4ndare i receptionen: %%Antal_anv\u00e4ndare_i_receptionenen%%||et_pb_line_break_holder||Antal sj\u00e4lvregistreringsstationer: %%Antal_sj\u00e4lvregistreringsstationer%%||et_pb_line_break_holder||||et_pb_line_break_holder||Meddelande:||et_pb_line_break_holder||%%message%%||et_pb_line_break_holder||Demo: %%demo%%||et_pb_line_break_holder||&#8221; use_redirect=&#8221;on&#8221; redirect_url=&#8221;hem&#8221; success_message=&#8221;Thank you for your message! We will get back to you as soon as possible.&#8221; submit_button_text=&#8221;Send&#8221; disabled_on=&#8221;off|off|off&#8221; admin_label=&#8221;Kontakt&#8221; _builder_version=&#8221;4.4.0&#8243; form_field_focus_background_color=&#8221;rgba(241,89,34,0.07)&#8221; title_font=&#8221;|||on|||||&#8221; title_text_align=&#8221;left&#8221; title_text_color=&#8221;#f15922&#8243; title_font_size=&#8221;29px&#8221; title_line_height=&#8221;1.6em&#8221; custom_button=&#8221;on&#8221; button_text_color=&#8221;#f15922&#8243; button_bg_color=&#8221;#f15922&#8243; button_border_color=&#8221;#f15922&#8243; button_border_radius=&#8221;100px&#8221; button_use_icon=&#8221;off&#8221; animation_style=&#8221;fade&#8221;][et_pb_contact_field field_id=&#8221;Name&#8221; field_title=&#8221;Name*&#8221; min_length=&#8221;5&#8243; allowed_symbols=&#8221;letters&#8221; fullwidth_field=&#8221;on&#8221; _builder_version=&#8221;4.4.0&#8243; button_text_size__hover_enabled=&#8221;off&#8221; button_one_text_size__hover_enabled=&#8221;off&#8221; button_two_text_size__hover_enabled=&#8221;off&#8221; button_text_color__hover_enabled=&#8221;off&#8221; button_one_text_color__hover_enabled=&#8221;off&#8221; button_two_text_color__hover_enabled=&#8221;off&#8221; button_border_width__hover_enabled=&#8221;off&#8221; button_one_border_width__hover_enabled=&#8221;off&#8221; button_two_border_width__hover_enabled=&#8221;off&#8221; button_border_color__hover_enabled=&#8221;off&#8221; button_one_border_color__hover_enabled=&#8221;off&#8221; button_two_border_color__hover_enabled=&#8221;off&#8221; button_border_radius__hover_enabled=&#8221;off&#8221; button_one_border_radius__hover_enabled=&#8221;off&#8221; button_two_border_radius__hover_enabled=&#8221;off&#8221; button_letter_spacing__hover_enabled=&#8221;off&#8221; button_one_letter_spacing__hover_enabled=&#8221;off&#8221; button_two_letter_spacing__hover_enabled=&#8221;off&#8221; button_bg_color__hover_enabled=&#8221;off&#8221; button_one_bg_color__hover_enabled=&#8221;off&#8221; button_two_bg_color__hover_enabled=&#8221;off&#8221;][\/et_pb_contact_field][et_pb_contact_field field_id=&#8221;Company&#8221; field_title=&#8221;Company*&#8221; min_length=&#8221;4&#8243; fullwidth_field=&#8221;on&#8221; _builder_version=&#8221;4.4.0&#8243; button_text_size__hover_enabled=&#8221;off&#8221; button_one_text_size__hover_enabled=&#8221;off&#8221; button_two_text_size__hover_enabled=&#8221;off&#8221; button_text_color__hover_enabled=&#8221;off&#8221; button_one_text_color__hover_enabled=&#8221;off&#8221; button_two_text_color__hover_enabled=&#8221;off&#8221; button_border_width__hover_enabled=&#8221;off&#8221; button_one_border_width__hover_enabled=&#8221;off&#8221; button_two_border_width__hover_enabled=&#8221;off&#8221; button_border_color__hover_enabled=&#8221;off&#8221; button_one_border_color__hover_enabled=&#8221;off&#8221; button_two_border_color__hover_enabled=&#8221;off&#8221; button_border_radius__hover_enabled=&#8221;off&#8221; button_one_border_radius__hover_enabled=&#8221;off&#8221; button_two_border_radius__hover_enabled=&#8221;off&#8221; button_letter_spacing__hover_enabled=&#8221;off&#8221; button_one_letter_spacing__hover_enabled=&#8221;off&#8221; button_two_letter_spacing__hover_enabled=&#8221;off&#8221; button_bg_color__hover_enabled=&#8221;off&#8221; button_one_bg_color__hover_enabled=&#8221;off&#8221; button_two_bg_color__hover_enabled=&#8221;off&#8221;][\/et_pb_contact_field][et_pb_contact_field field_id=&#8221;Email&#8221; field_title=&#8221;E-mail*&#8221; field_type=&#8221;email&#8221; fullwidth_field=&#8221;on&#8221; _builder_version=&#8221;4.4.0&#8243; button_text_size__hover_enabled=&#8221;off&#8221; button_one_text_size__hover_enabled=&#8221;off&#8221; button_two_text_size__hover_enabled=&#8221;off&#8221; button_text_color__hover_enabled=&#8221;off&#8221; button_one_text_color__hover_enabled=&#8221;off&#8221; button_two_text_color__hover_enabled=&#8221;off&#8221; button_border_width__hover_enabled=&#8221;off&#8221; button_one_border_width__hover_enabled=&#8221;off&#8221; button_two_border_width__hover_enabled=&#8221;off&#8221; button_border_color__hover_enabled=&#8221;off&#8221; button_one_border_color__hover_enabled=&#8221;off&#8221; button_two_border_color__hover_enabled=&#8221;off&#8221; button_border_radius__hover_enabled=&#8221;off&#8221; button_one_border_radius__hover_enabled=&#8221;off&#8221; button_two_border_radius__hover_enabled=&#8221;off&#8221; button_letter_spacing__hover_enabled=&#8221;off&#8221; button_one_letter_spacing__hover_enabled=&#8221;off&#8221; button_two_letter_spacing__hover_enabled=&#8221;off&#8221; button_bg_color__hover_enabled=&#8221;off&#8221; button_one_bg_color__hover_enabled=&#8221;off&#8221; button_two_bg_color__hover_enabled=&#8221;off&#8221;][\/et_pb_contact_field][et_pb_contact_field field_id=&#8221;Phone&#8221; field_title=&#8221;Phone*&#8221; min_length=&#8221;8&#8243; allowed_symbols=&#8221;numbers&#8221; fullwidth_field=&#8221;on&#8221; _builder_version=&#8221;4.4.0&#8243; background_color=&#8221;rgba(0,0,0,0)&#8221; background_enable_color=&#8221;on&#8221;][\/et_pb_contact_field][et_pb_contact_field field_id=&#8221;Antal_anv\u00e4ndare_i_receptionenen&#8221; field_title=&#8221;Number of users at reception&#8221; field_type=&#8221;select&#8221; select_options=&#8221;%91{%22value%22:%220%22,%22checked%22:0,%22dragID%22:-1},{%22value%22:%221%22,%22checked%22:0,%22dragID%22:0},{%22dragID%22:1,%22value%22:%222%22,%22checked%22:0},{%22dragID%22:2,%22value%22:%223%22,%22checked%22:0},{%22dragID%22:3,%22value%22:%224%22,%22checked%22:0},{%22dragID%22:4,%22value%22:%225+%22,%22checked%22:0}%93&#8243; required_mark=&#8221;off&#8221; _builder_version=&#8221;4.4.0&#8243;][\/et_pb_contact_field][et_pb_contact_field field_id=&#8221;Antal_sj\u00e4lvregistreringsstationer&#8221; field_title=&#8221;Number of self-registration kiosks&#8221; field_type=&#8221;select&#8221; select_options=&#8221;%91{%22value%22:%220%22,%22checked%22:0,%22dragID%22:-1},{%22value%22:%221%22,%22checked%22:0,%22dragID%22:0},{%22dragID%22:1,%22value%22:%222%22,%22checked%22:0},{%22dragID%22:2,%22value%22:%223%22,%22checked%22:0},{%22dragID%22:3,%22value%22:%224%22,%22checked%22:0},{%22dragID%22:4,%22value%22:%225+%22,%22checked%22:0}%93&#8243; required_mark=&#8221;off&#8221; _builder_version=&#8221;4.4.0&#8243;][\/et_pb_contact_field][et_pb_contact_field field_id=&#8221;Message&#8221; field_title=&#8221;Message&#8221; field_type=&#8221;text&#8221; fullwidth_field=&#8221;on&#8221; _builder_version=&#8221;3.16&#8243; button_text_size__hover_enabled=&#8221;off&#8221; button_one_text_size__hover_enabled=&#8221;off&#8221; button_two_text_size__hover_enabled=&#8221;off&#8221; button_text_color__hover_enabled=&#8221;off&#8221; button_one_text_color__hover_enabled=&#8221;off&#8221; button_two_text_color__hover_enabled=&#8221;off&#8221; button_border_width__hover_enabled=&#8221;off&#8221; button_one_border_width__hover_enabled=&#8221;off&#8221; button_two_border_width__hover_enabled=&#8221;off&#8221; button_border_color__hover_enabled=&#8221;off&#8221; button_one_border_color__hover_enabled=&#8221;off&#8221; button_two_border_color__hover_enabled=&#8221;off&#8221; button_border_radius__hover_enabled=&#8221;off&#8221; button_one_border_radius__hover_enabled=&#8221;off&#8221; button_two_border_radius__hover_enabled=&#8221;off&#8221; button_letter_spacing__hover_enabled=&#8221;off&#8221; button_one_letter_spacing__hover_enabled=&#8221;off&#8221; button_two_letter_spacing__hover_enabled=&#8221;off&#8221; button_bg_color__hover_enabled=&#8221;off&#8221; button_one_bg_color__hover_enabled=&#8221;off&#8221; button_two_bg_color__hover_enabled=&#8221;off&#8221;][\/et_pb_contact_field][et_pb_contact_field field_id=&#8221;Demo&#8221; field_title=&#8221;Would you like a demo?&#8221; field_type=&#8221;checkbox&#8221; checkbox_options=&#8221;%91{%22value%22:%22Ja, Tack%22,%22checked%22:0,%22dragID%22:-1}%93&#8243; required_mark=&#8221;off&#8221; fullwidth_field=&#8221;on&#8221; _builder_version=&#8221;4.4.0&#8243;][\/et_pb_contact_field][\/et_pb_contact_form][\/et_pb_column][et_pb_column type=&#8221;1_3&#8243; _builder_version=&#8221;4.4.0&#8243;][et_pb_blurb title=&#8221;Contact Center&#8221; use_icon=&#8221;on&#8221; font_icon=&#8221;%%132%%&#8221; icon_color=&#8221;#f15922&#8243; icon_alignment=&#8221;left&#8221; use_icon_font_size=&#8221;on&#8221; icon_font_size=&#8221;60px&#8221; _builder_version=&#8221;4.4.0&#8243; custom_padding=&#8221;184px||||false|false&#8221; custom_padding_tablet=&#8221;&#8221; custom_padding_phone=&#8221;&#8221; custom_padding_last_edited=&#8221;on|desktop&#8221;]\n<p>tel: +468-630 53 00<br \/>\ne-mail: order@partnersec.se<\/p>\n[\/et_pb_blurb][et_pb_blurb title=&#8221;Address&#8221; use_icon=&#8221;on&#8221; font_icon=&#8221;%%249%%&#8221; icon_color=&#8221;#f15922&#8243; icon_alignment=&#8221;left&#8221; use_icon_font_size=&#8221;on&#8221; icon_font_size=&#8221;50px&#8221; _builder_version=&#8221;4.4.0&#8243; hover_enabled=&#8221;0&#8243;]\n<p>PartnerSec AB<br \/>\nNytorpsv\u00e4gen 26<br \/>\n183 71 T\u00e4by,Sweden<\/p>\n[\/et_pb_blurb][\/et_pb_column][\/et_pb_row][\/et_pb_section]\n","protected":false},"excerpt":{"rendered":"<p>Please fill in the form or&#8230;<\/p>\n","protected":false},"author":3,"featured_media":0,"parent":0,"menu_order":0,"comment_status":"closed","ping_status":"closed","template":"","meta":{"_et_pb_use_builder":"on","_et_pb_old_content":"","_et_gb_content_width":"","footnotes":""},"class_list":["post-8356","page","type-page","status-publish","hentry","no-post-thumbnail"],"_links":{"self":[{"href":"https:\/\/cavvisit.se\/en\/wp-json\/wp\/v2\/pages\/8356","targetHints":{"allow":["GET"]}}],"collection":[{"href":"https:\/\/cavvisit.se\/en\/wp-json\/wp\/v2\/pages"}],"about":[{"href":"https:\/\/cavvisit.se\/en\/wp-json\/wp\/v2\/types\/page"}],"author":[{"embeddable":true,"href":"https:\/\/cavvisit.se\/en\/wp-json\/wp\/v2\/users\/3"}],"replies":[{"embeddable":true,"href":"https:\/\/cavvisit.se\/en\/wp-json\/wp\/v2\/comments?post=8356"}],"version-history":[{"count":1,"href":"https:\/\/cavvisit.se\/en\/wp-json\/wp\/v2\/pages\/8356\/revisions"}],"predecessor-version":[{"id":8357,"href":"https:\/\/cavvisit.se\/en\/wp-json\/wp\/v2\/pages\/8356\/revisions\/8357"}],"wp:attachment":[{"href":"https:\/\/cavvisit.se\/en\/wp-json\/wp\/v2\/media?parent=8356"}],"curies":[{"name":"wp","href":"https:\/\/api.w.org\/{rel}","templated":true}]}}